{"id":785,"date":"2023-02-06T14:41:20","date_gmt":"2023-02-06T14:41:20","guid":{"rendered":"https:\/\/imiquiron.com\/?page_id=785"},"modified":"2023-07-23T12:07:15","modified_gmt":"2023-07-23T12:07:15","slug":"videos","status":"publish","type":"page","link":"https:\/\/imiquiron.com\/en\/videos\/","title":{"rendered":"Videos"},"content":{"rendered":"<p>[et_pb_section fb_built=&#8221;1&#8243; custom_padding_last_edited=&#8221;on|phone&#8221; admin_label=&#8221;Header&#8221; _builder_version=&#8221;4.20.4&#8243; _module_preset=&#8221;default&#8221; background_enable_color=&#8221;off&#8221; background_image=&#8221;https:\/\/imiquiron.com\/wp-content\/uploads\/2023\/02\/fondo-trans-web.png&#8221; custom_padding=&#8221;55px||100px||false|false&#8221; custom_padding_tablet=&#8221;60px||60px||true|false&#8221; custom_padding_phone=&#8221;30px||30px||true|false&#8221; top_divider_color=&#8221;#f05168&#8243; top_divider_height=&#8221;94px&#8221; top_divider_flip=&#8221;horizontal|vertical&#8221; bottom_divider_style=&#8221;asymmetric3&#8243; bottom_divider_color=&#8221;#00b2a9&#8243; bottom_divider_height=&#8221;41px&#8221; background_last_edited=&#8221;on|tablet&#8221; use_background_color_gradient_tablet=&#8221;off&#8221; background_color_gradient_stops_tablet=&#8221;rgba(255,255,255,0.8) 0%|rgba(255,255,255,0.4) 100%&#8221; background_color_gradient_stops_phone=&#8221;rgba(255,255,255,0.8) 0%|rgba(255,255,255,0.9) 100%&#8221; background_color_gradient_overlays_image_tablet=&#8221;on&#8221; background_color_gradient_start_tablet=&#8221;rgba(255,255,255,0.8)&#8221; background_color_gradient_start_position_tablet=&#8221;0%&#8221; background_color_gradient_end_tablet=&#8221;rgba(255,255,255,0.4)&#8221; background_color_gradient_end_phone=&#8221;rgba(255,255,255,0.9)&#8221; background_color_gradient_end_position_tablet=&#8221;100%&#8221; locked=&#8221;off&#8221; global_colors_info=&#8221;{}&#8221;][et_pb_row _builder_version=&#8221;4.18.0&#8243; _module_preset=&#8221;default&#8221; custom_padding=&#8221;45px|||||&#8221; global_colors_info=&#8221;{}&#8221;][et_pb_column type=&#8221;4_4&#8243; _builder_version=&#8221;4.18.0&#8243; _module_preset=&#8221;default&#8221; global_colors_info=&#8221;{}&#8221;][et_pb_text _builder_version=&#8221;4.20.4&#8243; _module_preset=&#8221;default&#8221; header_font=&#8221;Lato|700|||||||&#8221; header_text_align=&#8221;center&#8221; header_font_size=&#8221;50px&#8221; header_letter_spacing=&#8221;2px&#8221; width=&#8221;100%&#8221; width_tablet=&#8221;100%&#8221; width_phone=&#8221;100%&#8221; width_last_edited=&#8221;on|phone&#8221; max_width=&#8221;100%&#8221; max_width_tablet=&#8221;100%&#8221; max_width_phone=&#8221;100%&#8221; max_width_last_edited=&#8221;on|phone&#8221; module_alignment=&#8221;center&#8221; max_height_tablet=&#8221;&#8221; max_height_phone=&#8221;&#8221; max_height_last_edited=&#8221;on|desktop&#8221; text_font_tablet=&#8221;&#8221; text_font_phone=&#8221;&#8221; text_font_last_edited=&#8221;on|desktop&#8221; header_font_size_tablet=&#8221;50px&#8221; header_font_size_phone=&#8221;30px&#8221; header_font_size_last_edited=&#8221;on|desktop&#8221; global_colors_info=&#8221;{}&#8221; max_height__hover_enabled=&#8221;on|desktop&#8221;]<\/p>\n<h1><span>VIDEOS<\/span><\/h1>\n<p>[\/et_pb_text][\/et_pb_column][\/et_pb_row][\/et_pb_section][et_pb_section fb_built=&#8221;1&#8243; _builder_version=&#8221;4.20.4&#8243; _module_preset=&#8221;default&#8221; global_colors_info=&#8221;{}&#8221;][et_pb_row column_structure=&#8221;1_3,1_3,1_3&#8243; _builder_version=&#8221;4.20.4&#8243; _module_preset=&#8221;default&#8221; global_colors_info=&#8221;{}&#8221;][et_pb_column type=&#8221;1_3&#8243; _builder_version=&#8221;4.20.4&#8243; _module_preset=&#8221;default&#8221; global_colors_info=&#8221;{}&#8221;][et_pb_text _builder_version=&#8221;4.20.4&#8243; _module_preset=&#8221;default&#8221; global_colors_info=&#8221;{}&#8221;]<\/p>\n<h2 style=\"text-align: center;\">TMJ syndrome<\/h2>\n<p>[\/et_pb_text][et_pb_video src=&#8221;https:\/\/imiquiron.com\/wp-content\/uploads\/2023\/06\/sindrome-atm-primitivo-de-la-quintana_zxuiWKN6.mp4&#8243; _builder_version=&#8221;4.20.4&#8243; _module_preset=&#8221;default&#8221; global_colors_info=&#8221;{}&#8221;][\/et_pb_video][\/et_pb_column][et_pb_column type=&#8221;1_3&#8243; _builder_version=&#8221;4.20.4&#8243; _module_preset=&#8221;default&#8221; global_colors_info=&#8221;{}&#8221;][\/et_pb_column][et_pb_column type=&#8221;1_3&#8243; _builder_version=&#8221;4.20.4&#8243; _module_preset=&#8221;default&#8221; global_colors_info=&#8221;{}&#8221;][et_pb_text _builder_version=&#8221;4.20.4&#8243; _module_preset=&#8221;default&#8221; global_colors_info=&#8221;{}&#8221;]<\/p>\n<h2 style=\"text-align: center;\">Care<\/h2>\n<h2 style=\"text-align: center;\">Post-surgical<\/h2>\n<p>[\/et_pb_text][et_pb_video src=&#8221;https:\/\/imiquiron.com\/wp-content\/uploads\/2023\/06\/cuidados-postquirurgicos-juan-francisco-granados_vC7qObIk.mp4&#8243; _builder_version=&#8221;4.20.4&#8243; _module_preset=&#8221;default&#8221; global_colors_info=&#8221;{}&#8221;][\/et_pb_video][\/et_pb_column][\/et_pb_row][et_pb_row column_structure=&#8221;1_3,1_3,1_3&#8243; _builder_version=&#8221;4.20.4&#8243; _module_preset=&#8221;default&#8221; global_colors_info=&#8221;{}&#8221;][et_pb_column type=&#8221;1_3&#8243; _builder_version=&#8221;4.20.4&#8243; _module_preset=&#8221;default&#8221; global_colors_info=&#8221;{}&#8221;][et_pb_text _builder_version=&#8221;4.20.4&#8243; _module_preset=&#8221;default&#8221; global_colors_info=&#8221;{}&#8221;]<\/p>\n<h2 style=\"text-align: center;\">Sleep Apnea Splint<\/h2>\n<p>[\/et_pb_text][et_pb_video src=&#8221;https:\/\/imiquiron.com\/wp-content\/uploads\/2023\/06\/ferula-de-sleep-apnea-rosendo-fernandez_pJh0vnKT.mp4&#8243; _builder_version=&#8221;4.20.4&#8243; _module_preset=&#8221;default&#8221; global_colors_info=&#8221;{}&#8221;][\/et_pb_video][\/et_pb_column][et_pb_column type=&#8221;1_3&#8243; _builder_version=&#8221;4.20.4&#8243; _module_preset=&#8221;default&#8221; global_colors_info=&#8221;{}&#8221;][et_pb_text _builder_version=&#8221;4.20.4&#8243; _module_preset=&#8221;default&#8221; global_colors_info=&#8221;{}&#8221;]<\/p>\n<h2 style=\"text-align: center;\">Rehabilitation of missing teeth<\/h2>\n<p>[\/et_pb_text][et_pb_video src=&#8221;https:\/\/imiquiron.com\/wp-content\/uploads\/2023\/06\/jose-carlos-moreno-protesis-dental_7URlajEX.mp4&#8243; _builder_version=&#8221;4.20.4&#8243; _module_preset=&#8221;default&#8221; global_colors_info=&#8221;{}&#8221;][\/et_pb_video][\/et_pb_column][et_pb_column type=&#8221;1_3&#8243; _builder_version=&#8221;4.20.4&#8243; _module_preset=&#8221;default&#8221; global_colors_info=&#8221;{}&#8221;][et_pb_text _builder_version=&#8221;4.20.4&#8243; _module_preset=&#8221;default&#8221; global_colors_info=&#8221;{}&#8221;]<\/p>\n<h2 style=\"text-align: center;\">Oral Hygiene and Prophylaxis<\/h2>\n<p>[\/et_pb_text][et_pb_video src=&#8221;https:\/\/imiquiron.com\/wp-content\/uploads\/2023\/06\/higiene-y-profilaxis-bucodental-1_ZgiWzdc8.mp4&#8243; _builder_version=&#8221;4.20.4&#8243; _module_preset=&#8221;default&#8221; global_colors_info=&#8221;{}&#8221;][\/et_pb_video][\/et_pb_column][\/et_pb_row][\/et_pb_section]<\/p>","protected":false},"excerpt":{"rendered":"<p>VIDEOSSindrome de ATMCuidados Postquir\u00fagicosF\u00e9rula de Sleep ApneaRehabilitaci\u00f3n Piezas Dentales AusentesHigiene y Profilaxis Bucodental<\/p>","protected":false},"author":1,"featured_media":0,"parent":0,"menu_order":0,"comment_status":"closed","ping_status":"closed","template":"","meta":{"_et_pb_use_builder":"on","_et_pb_old_content":"","_et_gb_content_width":"","footnotes":""},"class_list":["post-785","page","type-page","status-publish","hentry"],"_links":{"self":[{"href":"https:\/\/imiquiron.com\/en\/wp-json\/wp\/v2\/pages\/785","targetHints":{"allow":["GET"]}}],"collection":[{"href":"https:\/\/imiquiron.com\/en\/wp-json\/wp\/v2\/pages"}],"about":[{"href":"https:\/\/imiquiron.com\/en\/wp-json\/wp\/v2\/types\/page"}],"author":[{"embeddable":true,"href":"https:\/\/imiquiron.com\/en\/wp-json\/wp\/v2\/users\/1"}],"replies":[{"embeddable":true,"href":"https:\/\/imiquiron.com\/en\/wp-json\/wp\/v2\/comments?post=785"}],"version-history":[{"count":6,"href":"https:\/\/imiquiron.com\/en\/wp-json\/wp\/v2\/pages\/785\/revisions"}],"predecessor-version":[{"id":26375,"href":"https:\/\/imiquiron.com\/en\/wp-json\/wp\/v2\/pages\/785\/revisions\/26375"}],"wp:attachment":[{"href":"https:\/\/imiquiron.com\/en\/wp-json\/wp\/v2\/media?parent=785"}],"curies":[{"name":"wp","href":"https:\/\/api.w.org\/{rel}","templated":true}]}}