{"id":26290,"date":"2023-05-22T11:46:35","date_gmt":"2023-05-22T11:46:35","guid":{"rendered":"https:\/\/imiquiron.com\/?page_id=26290"},"modified":"2023-05-23T07:24:03","modified_gmt":"2023-05-23T07:24:03","slug":"cirugia-ortognatica","status":"publish","type":"page","link":"https:\/\/imiquiron.com\/en\/cirugia-ortognatica\/","title":{"rendered":"Orthognathic Surgery"},"content":{"rendered":"<p>[et_pb_section fb_built=&#8221;1&#8243; custom_padding_last_edited=&#8221;on|phone&#8221; admin_label=&#8221;Header&#8221; _builder_version=&#8221;4.20.4&#8243; _module_preset=&#8221;default&#8221; background_enable_color=&#8221;off&#8221; background_image=&#8221;https:\/\/imiquiron.com\/wp-content\/uploads\/2023\/02\/fondo-trans-web.png&#8221; custom_padding=&#8221;55px||100px||false|false&#8221; custom_padding_tablet=&#8221;60px||60px||true|false&#8221; custom_padding_phone=&#8221;30px||30px||true|false&#8221; top_divider_color=&#8221;#f05168&#8243; top_divider_height=&#8221;94px&#8221; top_divider_flip=&#8221;horizontal|vertical&#8221; bottom_divider_style=&#8221;asymmetric3&#8243; bottom_divider_color=&#8221;#00b2a9&#8243; bottom_divider_height=&#8221;41px&#8221; background_last_edited=&#8221;on|tablet&#8221; use_background_color_gradient_tablet=&#8221;off&#8221; background_color_gradient_stops_tablet=&#8221;rgba(255,255,255,0.8) 0%|rgba(255,255,255,0.4) 100%&#8221; background_color_gradient_stops_phone=&#8221;rgba(255,255,255,0.8) 0%|rgba(255,255,255,0.9) 100%&#8221; background_color_gradient_overlays_image_tablet=&#8221;on&#8221; background_color_gradient_start_tablet=&#8221;rgba(255,255,255,0.8)&#8221; background_color_gradient_start_position_tablet=&#8221;0%&#8221; background_color_gradient_end_tablet=&#8221;rgba(255,255,255,0.4)&#8221; background_color_gradient_end_phone=&#8221;rgba(255,255,255,0.9)&#8221; background_color_gradient_end_position_tablet=&#8221;100%&#8221; locked=&#8221;off&#8221; global_colors_info=&#8221;{}&#8221; theme_builder_area=&#8221;post_content&#8221; custom_margin=&#8221;||128px|||&#8221;][et_pb_row _builder_version=&#8221;4.18.0&#8243; _module_preset=&#8221;default&#8221; custom_padding=&#8221;45px|||||&#8221; global_colors_info=&#8221;{}&#8221; theme_builder_area=&#8221;post_content&#8221;][et_pb_column type=&#8221;4_4&#8243; _builder_version=&#8221;4.18.0&#8243; _module_preset=&#8221;default&#8221; global_colors_info=&#8221;{}&#8221; theme_builder_area=&#8221;post_content&#8221;][et_pb_text _builder_version=&#8221;4.20.4&#8243; _module_preset=&#8221;default&#8221; header_font=&#8221;Lato|700|||||||&#8221; header_text_align=&#8221;center&#8221; header_font_size=&#8221;50px&#8221; header_letter_spacing=&#8221;2px&#8221; width=&#8221;100%&#8221; width_tablet=&#8221;100%&#8221; width_phone=&#8221;100%&#8221; width_last_edited=&#8221;on|phone&#8221; max_width=&#8221;100%&#8221; max_width_tablet=&#8221;100%&#8221; max_width_phone=&#8221;100%&#8221; max_width_last_edited=&#8221;on|phone&#8221; module_alignment=&#8221;center&#8221; max_height_tablet=&#8221;&#8221; max_height_phone=&#8221;&#8221; max_height_last_edited=&#8221;on|desktop&#8221; header_font_size_tablet=&#8221;50px&#8221; header_font_size_phone=&#8221;30px&#8221; header_font_size_last_edited=&#8221;on|desktop&#8221; global_colors_info=&#8221;{}&#8221; max_height__hover_enabled=&#8221;on|desktop&#8221; theme_builder_area=&#8221;post_content&#8221;]<\/p>\n<h1 class=\"js-el heading-tag la-unit-responsive\" style=\"text-align: center;\">Orthognathic Surgery<\/h1>\n<p>[\/et_pb_text][\/et_pb_column][\/et_pb_row][\/et_pb_section][et_pb_section fb_built=&#8221;1&#8243; admin_label=&#8221;Mission&#8221; _builder_version=&#8221;4.20.4&#8243; _module_preset=&#8221;default&#8221; background_color=&#8221;#ededed&#8221; background_enable_image=&#8221;off&#8221; background_position=&#8221;top_center&#8221; custom_margin=&#8221;1px|||||&#8221; global_colors_info=&#8221;{}&#8221; theme_builder_area=&#8221;post_content&#8221;][et_pb_row _builder_version=&#8221;4.16&#8243; _module_preset=&#8221;default&#8221; custom_margin=&#8221;|auto|-50px|auto||&#8221; global_colors_info=&#8221;{}&#8221; theme_builder_area=&#8221;post_content&#8221;][et_pb_column type=&#8221;4_4&#8243; _builder_version=&#8221;4.16&#8243; _module_preset=&#8221;default&#8221; global_colors_info=&#8221;{}&#8221; theme_builder_area=&#8221;post_content&#8221;][et_pb_text _builder_version=&#8221;4.20.4&#8243; _module_preset=&#8221;default&#8221; text_font=&#8221;Work Sans||||||||&#8221; text_text_color=&#8221;#000000&#8243; text_font_size=&#8221;16px&#8221; text_line_height=&#8221;1.8em&#8221; header_3_font=&#8221;Poppins|700|||||||&#8221; header_3_text_color=&#8221;#005450&#8243; header_3_line_height=&#8221;1.6em&#8221; header_4_text_color=&#8221;#002725&#8243; header_4_font_size=&#8221;16px&#8221; header_4_line_height=&#8221;1.4em&#8221; custom_margin=&#8221;-139px|||||&#8221; hover_enabled=&#8221;0&#8243; text_font_size_tablet=&#8221;&#8221; text_font_size_phone=&#8221;14px&#8221; text_font_size_last_edited=&#8221;on|phone&#8221; header_3_font_size_tablet=&#8221;18px&#8221; header_3_font_size_phone=&#8221;16px&#8221; header_3_font_size_last_edited=&#8221;on|phone&#8221; locked=&#8221;off&#8221; global_colors_info=&#8221;{}&#8221; theme_builder_area=&#8221;post_content&#8221; sticky_enabled=&#8221;0&#8243;]<\/p>\n<p><span>Orthognathic surgery is performed to correct the position of my jaw bones and not the teeth individually, with the consequent improvement in the aesthetic and\/or functional appearance when chewing and speaking. It is performed through osteotomies (cuts) in the bones of the face and their subsequent repositioning in the appropriate position, frequently fixation with osteosynthesis, which is the use of metallic or non-metallic materials that remain indefinitely in its place and that usually do not have to be removed, or from materials that are reabsorbed over time. Orthodontic treatment is usually required before and after surgery. <\/span><\/p>\n<p><span><\/span><\/p>\n<p><span>Additionally, dental restorations, periodontics (gum treatment), and endodontic treatment may be necessary postoperatively. In most cases this surgery is performed under general anesthesia.<\/span><\/p>\n<p>&nbsp;<\/p>\n<p>[\/et_pb_text][et_pb_video src=&#8221;https:\/\/imiquiron.com\/wp-content\/uploads\/2023\/05\/orthognathic-surgery-lower-jaw-2023-01-11-19-12-12-utc.mp4&#8243; _builder_version=&#8221;4.20.4&#8243; _module_preset=&#8221;default&#8221; theme_builder_area=&#8221;post_content&#8221; title_text=&#8221;orthognathic-surgery-lower-jaw-2023-01-11-19-12-12-utc&#8221; hover_enabled=&#8221;0&#8243; sticky_enabled=&#8221;0&#8243;][\/et_pb_video][\/et_pb_column][\/et_pb_row][\/et_pb_section]<\/p>","protected":false},"excerpt":{"rendered":"<p>CIRUG\u00cdA ORTOGN\u00c1TICALa cirug\u00eda ortogn\u00e1tica se realiza para corregir la posici\u00f3n de mis huesos maxilares y no los dientes\u00a0individualmente, con la consiguiente mejora del aspecto est\u00e9tico y\/o funcional a la hora de\u00a0masticar y hablar. Se realiza mediante osteotom\u00edas (cortes) en los huesos de la cara y su posterior\u00a0recolocaci\u00f3n en la posici\u00f3n adecuada, frecuentemente fijaci\u00f3n con osteos\u00edntesis, [&hellip;]<\/p>","protected":false},"author":1,"featured_media":0,"parent":0,"menu_order":0,"comment_status":"closed","ping_status":"closed","template":"","meta":{"_et_pb_use_builder":"on","_et_pb_old_content":"","_et_gb_content_width":"","footnotes":""},"class_list":["post-26290","page","type-page","status-publish","hentry"],"_links":{"self":[{"href":"https:\/\/imiquiron.com\/en\/wp-json\/wp\/v2\/pages\/26290","targetHints":{"allow":["GET"]}}],"collection":[{"href":"https:\/\/imiquiron.com\/en\/wp-json\/wp\/v2\/pages"}],"about":[{"href":"https:\/\/imiquiron.com\/en\/wp-json\/wp\/v2\/types\/page"}],"author":[{"embeddable":true,"href":"https:\/\/imiquiron.com\/en\/wp-json\/wp\/v2\/users\/1"}],"replies":[{"embeddable":true,"href":"https:\/\/imiquiron.com\/en\/wp-json\/wp\/v2\/comments?post=26290"}],"version-history":[{"count":2,"href":"https:\/\/imiquiron.com\/en\/wp-json\/wp\/v2\/pages\/26290\/revisions"}],"predecessor-version":[{"id":26294,"href":"https:\/\/imiquiron.com\/en\/wp-json\/wp\/v2\/pages\/26290\/revisions\/26294"}],"wp:attachment":[{"href":"https:\/\/imiquiron.com\/en\/wp-json\/wp\/v2\/media?parent=26290"}],"curies":[{"name":"wp","href":"https:\/\/api.w.org\/{rel}","templated":true}]}}