{"id":26250,"date":"2023-05-15T14:55:13","date_gmt":"2023-05-15T14:55:13","guid":{"rendered":"https:\/\/imiquiron.com\/?page_id=26250"},"modified":"2023-06-14T19:14:46","modified_gmt":"2023-06-14T19:14:46","slug":"preguntas-frecuentes-atm","status":"publish","type":"page","link":"https:\/\/imiquiron.com\/en\/preguntas-frecuentes-atm\/","title":{"rendered":"ATM FAQ"},"content":{"rendered":"<p>[et_pb_section fb_built=&#8221;1&#8243; custom_padding_last_edited=&#8221;on|phone&#8221; admin_label=&#8221;Header&#8221; _builder_version=&#8221;4.20.4&#8243; _module_preset=&#8221;default&#8221; background_enable_color=&#8221;off&#8221; background_image=&#8221;https:\/\/imiquiron.com\/wp-content\/uploads\/2023\/02\/fondo-trans-web.png&#8221; custom_padding=&#8221;55px||100px||false|false&#8221; custom_padding_tablet=&#8221;60px||60px||true|false&#8221; custom_padding_phone=&#8221;30px||30px||true|false&#8221; top_divider_color=&#8221;#f05168&#8243; top_divider_height=&#8221;94px&#8221; top_divider_flip=&#8221;horizontal|vertical&#8221; bottom_divider_style=&#8221;asymmetric3&#8243; bottom_divider_color=&#8221;#00b2a9&#8243; bottom_divider_height=&#8221;41px&#8221; background_last_edited=&#8221;on|tablet&#8221; use_background_color_gradient_tablet=&#8221;off&#8221; background_color_gradient_stops_tablet=&#8221;rgba(255,255,255,0.8) 0%|rgba(255,255,255,0.4) 100%&#8221; background_color_gradient_stops_phone=&#8221;rgba(255,255,255,0.8) 0%|rgba(255,255,255,0.9) 100%&#8221; background_color_gradient_overlays_image_tablet=&#8221;on&#8221; background_color_gradient_start_tablet=&#8221;rgba(255,255,255,0.8)&#8221; background_color_gradient_start_position_tablet=&#8221;0%&#8221; background_color_gradient_end_tablet=&#8221;rgba(255,255,255,0.4)&#8221; background_color_gradient_end_phone=&#8221;rgba(255,255,255,0.9)&#8221; background_color_gradient_end_position_tablet=&#8221;100%&#8221; locked=&#8221;off&#8221; global_colors_info=&#8221;{}&#8221;][et_pb_row _builder_version=&#8221;4.18.0&#8243; _module_preset=&#8221;default&#8221; custom_padding=&#8221;45px|||||&#8221; global_colors_info=&#8221;{}&#8221;][et_pb_column type=&#8221;4_4&#8243; _builder_version=&#8221;4.18.0&#8243; _module_preset=&#8221;default&#8221; global_colors_info=&#8221;{}&#8221;][et_pb_text _builder_version=&#8221;4.20.4&#8243; _module_preset=&#8221;default&#8221; header_font=&#8221;Lato|700|||||||&#8221; header_text_align=&#8221;center&#8221; header_font_size=&#8221;50px&#8221; header_letter_spacing=&#8221;2px&#8221; width=&#8221;100%&#8221; width_tablet=&#8221;100%&#8221; width_phone=&#8221;100%&#8221; width_last_edited=&#8221;on|phone&#8221; max_width=&#8221;100%&#8221; max_width_tablet=&#8221;100%&#8221; max_width_phone=&#8221;100%&#8221; max_width_last_edited=&#8221;on|phone&#8221; module_alignment=&#8221;center&#8221; max_height_tablet=&#8221;&#8221; max_height_phone=&#8221;&#8221; max_height_last_edited=&#8221;on|desktop&#8221; text_font_tablet=&#8221;&#8221; text_font_phone=&#8221;&#8221; text_font_last_edited=&#8221;on|desktop&#8221; header_font_size_tablet=&#8221;50px&#8221; header_font_size_phone=&#8221;30px&#8221; header_font_size_last_edited=&#8221;on|desktop&#8221; global_colors_info=&#8221;{}&#8221; max_height__hover_enabled=&#8221;on|desktop&#8221;]<\/p>\n<h1><span>Frequently asked questions about TMJ syndrome<\/span><\/h1>\n<p>[\/et_pb_text][\/et_pb_column][\/et_pb_row][\/et_pb_section][et_pb_section fb_built=&#8221;1&#8243; _builder_version=&#8221;4.20.4&#8243; _module_preset=&#8221;default&#8221; background_color=&#8221;#ededed&#8221; global_colors_info=&#8221;{}&#8221;][et_pb_row module_id=&#8221;ATM_faq&#8221; module_class=&#8221;ATM_faq&#8221; _builder_version=&#8221;4.20.4&#8243; _module_preset=&#8221;default&#8221; global_colors_info=&#8221;{}&#8221;][et_pb_column type=&#8221;4_4&#8243; _builder_version=&#8221;4.20.4&#8243; _module_preset=&#8221;default&#8221; global_colors_info=&#8221;{}&#8221;][et_pb_text _builder_version=&#8221;4.20.4&#8243; _module_preset=&#8221;default&#8221; global_colors_info=&#8221;{}&#8221;]<\/p>\n<h2><span>TMJ syndrome<\/span><\/h2>\n<p>[\/et_pb_text][\/et_pb_column][\/et_pb_row][et_pb_row _builder_version=&#8221;4.18.0&#8243; custom_width_px__hover=&#8221;1080px&#8221; custom_width_px__hover_enabled=&#8221;1080px&#8221; custom_width_percent__hover=&#8221;80%&#8221; custom_width_percent__hover_enabled=&#8221;80%&#8221; locked=&#8221;off&#8221; global_colors_info=&#8221;{}&#8221; gutter_width__hover=&#8221;3&#8243; gutter_width__hover_enabled=&#8221;3&#8243; parallax_1__hover=&#8221;off&#8221; parallax_1__hover_enabled=&#8221;off&#8221; parallax_2__hover=&#8221;off&#8221; parallax_2__hover_enabled=&#8221;off&#8221; parallax_3__hover=&#8221;off&#8221; parallax_3__hover_enabled=&#8221;off&#8221; parallax_4__hover=&#8221;off&#8221; parallax_4__hover_enabled=&#8221;off&#8221; parallax_5__hover=&#8221;off&#8221; parallax_5__hover_enabled=&#8221;off&#8221; parallax_6__hover=&#8221;off&#8221; parallax_6__hover_enabled=&#8221;off&#8221; parallax_method_1__hover=&#8221;on&#8221; parallax_method_1__hover_enabled=&#8221;on&#8221; parallax_method_2__hover=&#8221;on&#8221; parallax_method_2__hover_enabled=&#8221;on&#8221; parallax_method_3__hover=&#8221;on&#8221; parallax_method_3__hover_enabled=&#8221;on&#8221; parallax_method_4__hover=&#8221;on&#8221; parallax_method_4__hover_enabled=&#8221;on&#8221; parallax_method_5__hover=&#8221;on&#8221; parallax_method_5__hover_enabled=&#8221;on&#8221; parallax_method_6__hover=&#8221;on&#8221; parallax_method_6__hover_enabled=&#8221;on&#8221; use_background_color_gradient__hover=&#8221;off&#8221; use_background_color_gradient__hover_enabled=&#8221;off&#8221; background_color_gradient_start__hover=&#8221;#2b87da&#8221; background_color_gradient_start__hover_enabled=&#8221;#2b87da&#8221; background_color_gradient_end__hover=&#8221;#29c4a9&#8243; background_color_gradient_end__hover_enabled=&#8221;#29c4a9&#8243; background_color_gradient_type__hover=&#8221;linear&#8221; background_color_gradient_type__hover_enabled=&#8221;linear&#8221; background_color_gradient_direction__hover=&#8221;180deg&#8221; background_color_gradient_direction__hover_enabled=&#8221;180deg&#8221; background_color_gradient_direction_radial__hover=&#8221;center&#8221; background_color_gradient_direction_radial__hover_enabled=&#8221;center&#8221; background_color_gradient_start_position__hover=&#8221;0%&#8221; background_color_gradient_start_position__hover_enabled=&#8221;0%&#8221; background_color_gradient_end_position__hover=&#8221;100%&#8221; background_color_gradient_end_position__hover_enabled=&#8221;100%&#8221; background_color_gradient_overlays_image__hover=&#8221;off&#8221; background_color_gradient_overlays_image__hover_enabled=&#8221;off&#8221; parallax__hover=&#8221;off&#8221; parallax__hover_enabled=&#8221;off&#8221; parallax_method__hover=&#8221;on&#8221; parallax_method__hover_enabled=&#8221;on&#8221; background_size__hover=&#8221;cover&#8221; background_size__hover_enabled=&#8221;cover&#8221; background_position__hover=&#8221;center&#8221; background_position__hover_enabled=&#8221;center&#8221; background_repeat__hover=&#8221;no-repeat&#8221; background_repeat__hover_enabled=&#8221;no-repeat&#8221; background_blend__hover=&#8221;normal&#8221; background_blend__hover_enabled=&#8221;normal&#8221; allow_player_pause__hover=&#8221;off&#8221; allow_player_pause__hover_enabled=&#8221;off&#8221; background_video_pause_outside_viewport__hover=&#8221;on&#8221; background_video_pause_outside_viewport__hover_enabled=&#8221;on&#8221; make_fullwidth__hover=&#8221;off&#8221; make_fullwidth__hover_enabled=&#8221;off&#8221; use_custom_width__hover=&#8221;off&#8221; use_custom_width__hover_enabled=&#8221;off&#8221; width_unit__hover=&#8221;on&#8221; width_unit__hover_enabled=&#8221;on&#8221; use_custom_gutter__hover=&#8221;off&#8221; use_custom_gutter__hover_enabled=&#8221;off&#8221; make_equal__hover=&#8221;off&#8221; make_equal__hover_enabled=&#8221;off&#8221; border_radii__hover=&#8221;on||||&#8221; border_radii__hover_enabled=&#8221;on||||&#8221; box_shadow_style__hover=&#8221;none&#8221; box_shadow_style__hover_enabled=&#8221;none&#8221; box_shadow_color__hover=&#8221;rgba(0,0,0,0.3)&#8221; box_shadow_color__hover_enabled=&#8221;rgba(0,0,0,0.3)&#8221; filter_hue_rotate__hover=&#8221;0deg&#8221; filter_hue_rotate__hover_enabled=&#8221;0deg&#8221; filter_saturate__hover=&#8221;100%&#8221; filter_saturate__hover_enabled=&#8221;100%&#8221; filter_brightness__hover=&#8221;100%&#8221; filter_brightness__hover_enabled=&#8221;100%&#8221; filter_contrast__hover=&#8221;100%&#8221; filter_contrast__hover_enabled=&#8221;100%&#8221; filter_invert__hover=&#8221;0%&#8221; filter_invert__hover_enabled=&#8221;0%&#8221; filter_sepia__hover=&#8221;0%&#8221; filter_sepia__hover_enabled=&#8221;0%&#8221; filter_opacity__hover=&#8221;100%&#8221; filter_opacity__hover_enabled=&#8221;100%&#8221; filter_blur__hover=&#8221;0px&#8221; filter_blur__hover_enabled=&#8221;0px&#8221; mix_blend_mode__hover=&#8221;normal&#8221; mix_blend_mode__hover_enabled=&#8221;normal&#8221; animation_style__hover=&#8221;none&#8221; animation_style__hover_enabled=&#8221;none&#8221; animation_repeat__hover=&#8221;once&#8221; animation_repeat__hover_enabled=&#8221;once&#8221; animation_direction__hover=&#8221;center&#8221; animation_direction__hover_enabled=&#8221;center&#8221; animation_duration__hover=&#8221;1000ms&#8221; animation_duration__hover_enabled=&#8221;1000ms&#8221; animation_delay__hover=&#8221;0ms&#8221; animation_delay__hover_enabled=&#8221;0ms&#8221; animation_intensity_slide__hover=&#8221;50%&#8221; animation_intensity_slide__hover_enabled=&#8221;50%&#8221; animation_intensity_zoom__hover=&#8221;50%&#8221; animation_intensity_zoom__hover_enabled=&#8221;50%&#8221; animation_intensity_flip__hover=&#8221;50%&#8221; animation_intensity_flip__hover_enabled=&#8221;50%&#8221; animation_intensity_fold__hover=&#8221;50%&#8221; animation_intensity_fold__hover_enabled=&#8221;50%&#8221; animation_intensity_roll__hover=&#8221;50%&#8221; animation_intensity_roll__hover_enabled=&#8221;50%&#8221; animation_starting_opacity__hover=&#8221;0%&#8221; animation_starting_opacity__hover_enabled=&#8221;0%&#8221; animation_speed_curve__hover=&#8221;ease-in-out&#8221; animation_speed_curve__hover_enabled=&#8221;ease-in-out&#8221; hover_transition_duration__hover=&#8221;300ms&#8221; hover_transition_duration__hover_enabled=&#8221;300ms&#8221; hover_transition_delay__hover=&#8221;0ms&#8221; hover_transition_delay__hover_enabled=&#8221;0ms&#8221; hover_transition_speed_curve__hover=&#8221;ease&#8221; hover_transition_speed_curve__hover_enabled=&#8221;ease&#8221; background_color_gradient_stops__hover=&#8221;#2b87da 0%|#29c4a9 100%&#8221;][et_pb_column type=&#8221;4_4&#8243; _builder_version=&#8221;4.16&#8243; custom_padding=&#8221;|||&#8221; global_colors_info=&#8221;{}&#8221; custom_padding__hover=&#8221;|||&#8221;][et_pb_toggle title=&#8221;\u00bfQu\u00e9 es el s\u00edndrome de ATM?&#8221; open_toggle_background_color=&#8221;#ffffff&#8221; closed_toggle_background_color=&#8221;#ffffff&#8221; icon_color=&#8221;gcid-60fc9d30-8e60-4ae8-a6b9-a08283667fa2&#8243; open_icon_color=&#8221;gcid-60fc9d30-8e60-4ae8-a6b9-a08283667fa2&#8243; _builder_version=&#8221;4.20.4&#8243; title_text_color=&#8221;#000000&#8243; title_font=&#8221;Oswald|||on|||||&#8221; title_font_size=&#8221;14px&#8221; title_letter_spacing=&#8221;2px&#8221; title_line_height=&#8221;1.8em&#8221; body_line_height=&#8221;2em&#8221; animation_style=&#8221;slide&#8221; animation_direction=&#8221;top&#8221; animation_intensity_slide=&#8221;5%&#8221; border_width_all=&#8221;0px&#8221; box_shadow_style=&#8221;preset3&#8243; box_shadow_vertical=&#8221;20px&#8221; box_shadow_blur=&#8221;120px&#8221; box_shadow_spread=&#8221;-16px&#8221; global_colors_info=&#8221;{%22gcid-60fc9d30-8e60-4ae8-a6b9-a08283667fa2%22:%91%22icon_color%22,%22open_icon_color%22%93}&#8221; box_shadow_blur__hover=&#8221;100px&#8221; box_shadow_blur__hover_enabled=&#8221;on&#8221;]<\/p>\n<p><span>TMJ (temporomandibular joint) syndrome refers to a group of disorders that affect the jaw joint and the muscles that surround it.<\/span><\/p>\n<p>[\/et_pb_toggle][et_pb_toggle title=&#8221;\u00bfCu\u00e1les son los s\u00edntomas del s\u00edndrome de ATM?&#8221; open_toggle_background_color=&#8221;#ffffff&#8221; closed_toggle_background_color=&#8221;#ffffff&#8221; icon_color=&#8221;gcid-60fc9d30-8e60-4ae8-a6b9-a08283667fa2&#8243; open_icon_color=&#8221;gcid-60fc9d30-8e60-4ae8-a6b9-a08283667fa2&#8243; _builder_version=&#8221;4.20.4&#8243; title_text_color=&#8221;#000000&#8243; title_font=&#8221;Oswald|||on|||||&#8221; title_font_size=&#8221;14px&#8221; title_letter_spacing=&#8221;2px&#8221; title_line_height=&#8221;1.8em&#8221; body_line_height=&#8221;2em&#8221; animation_style=&#8221;slide&#8221; animation_direction=&#8221;top&#8221; animation_intensity_slide=&#8221;5%&#8221; border_width_all=&#8221;0px&#8221; box_shadow_style=&#8221;preset3&#8243; box_shadow_vertical=&#8221;20px&#8221; box_shadow_blur=&#8221;120px&#8221; box_shadow_spread=&#8221;-16px&#8221; global_colors_info=&#8221;{%22gcid-60fc9d30-8e60-4ae8-a6b9-a08283667fa2%22:%91%22icon_color%22,%22open_icon_color%22%93}&#8221; box_shadow_blur__hover=&#8221;100px&#8221; box_shadow_blur__hover_enabled=&#8221;on&#8221;]<\/p>\n<p><span>Symptoms of TMJ syndrome may include pain in the jaw, ear or head, difficulty opening or closing the mouth, clicking or crackling when moving the jaw, and in some cases, neck and shoulder pain.<\/span><\/p>\n<p>[\/et_pb_toggle][et_pb_toggle title=&#8221;\u00bfQu\u00e9 causa el s\u00edndrome de ATM?&#8221; open_toggle_background_color=&#8221;#ffffff&#8221; closed_toggle_background_color=&#8221;#ffffff&#8221; icon_color=&#8221;gcid-60fc9d30-8e60-4ae8-a6b9-a08283667fa2&#8243; open_icon_color=&#8221;gcid-60fc9d30-8e60-4ae8-a6b9-a08283667fa2&#8243; _builder_version=&#8221;4.20.4&#8243; title_text_color=&#8221;#000000&#8243; title_font=&#8221;Oswald|||on|||||&#8221; title_font_size=&#8221;14px&#8221; title_letter_spacing=&#8221;2px&#8221; title_line_height=&#8221;1.8em&#8221; body_line_height=&#8221;2em&#8221; animation_style=&#8221;slide&#8221; animation_direction=&#8221;top&#8221; animation_intensity_slide=&#8221;5%&#8221; border_width_all=&#8221;0px&#8221; box_shadow_style=&#8221;preset3&#8243; box_shadow_vertical=&#8221;20px&#8221; box_shadow_blur=&#8221;120px&#8221; box_shadow_spread=&#8221;-16px&#8221; global_colors_info=&#8221;{%22gcid-60fc9d30-8e60-4ae8-a6b9-a08283667fa2%22:%91%22icon_color%22,%22open_icon_color%22%93}&#8221; box_shadow_blur__hover=&#8221;100px&#8221; box_shadow_blur__hover_enabled=&#8221;on&#8221;]<\/p>\n<p><span>TMJ syndrome can have several causes, including stress, muscle tension, arthritis, bruxism (teeth grinding), poor jaw alignment, jaw or neck injury, and other factors.<\/span><\/p>\n<p>[\/et_pb_toggle][et_pb_toggle title=&#8221;\u00bfC\u00f3mo se diagnostica el s\u00edndrome de ATM?&#8221; open_toggle_background_color=&#8221;#ffffff&#8221; closed_toggle_background_color=&#8221;#ffffff&#8221; icon_color=&#8221;gcid-60fc9d30-8e60-4ae8-a6b9-a08283667fa2&#8243; open_icon_color=&#8221;gcid-60fc9d30-8e60-4ae8-a6b9-a08283667fa2&#8243; _builder_version=&#8221;4.20.4&#8243; title_text_color=&#8221;#000000&#8243; title_font=&#8221;Oswald|||on|||||&#8221; title_font_size=&#8221;14px&#8221; title_letter_spacing=&#8221;2px&#8221; title_line_height=&#8221;1.8em&#8221; body_line_height=&#8221;2em&#8221; animation_style=&#8221;slide&#8221; animation_direction=&#8221;top&#8221; animation_intensity_slide=&#8221;5%&#8221; border_width_all=&#8221;0px&#8221; box_shadow_style=&#8221;preset3&#8243; box_shadow_vertical=&#8221;20px&#8221; box_shadow_blur=&#8221;120px&#8221; box_shadow_spread=&#8221;-16px&#8221; global_colors_info=&#8221;{%22gcid-60fc9d30-8e60-4ae8-a6b9-a08283667fa2%22:%91%22icon_color%22,%22open_icon_color%22%93}&#8221; box_shadow_blur__hover=&#8221;100px&#8221; box_shadow_blur__hover_enabled=&#8221;on&#8221;]<\/p>\n<p><span>Diagnosing TMJ syndrome involves a complete dental and medical evaluation, which may include x-rays and other imaging tests. In some cases, an MRI may be necessary to evaluate the jaw joint.<\/span><\/p>\n<p>[\/et_pb_toggle][et_pb_toggle title=&#8221;\u00bfCu\u00e1l es el tratamiento para el s\u00edndrome de ATM?&#8221; open_toggle_background_color=&#8221;#ffffff&#8221; closed_toggle_background_color=&#8221;#ffffff&#8221; icon_color=&#8221;gcid-60fc9d30-8e60-4ae8-a6b9-a08283667fa2&#8243; open_icon_color=&#8221;gcid-60fc9d30-8e60-4ae8-a6b9-a08283667fa2&#8243; _builder_version=&#8221;4.20.4&#8243; title_text_color=&#8221;#000000&#8243; title_font=&#8221;Oswald|||on|||||&#8221; title_font_size=&#8221;14px&#8221; title_letter_spacing=&#8221;2px&#8221; title_line_height=&#8221;1.8em&#8221; body_line_height=&#8221;2em&#8221; animation_style=&#8221;slide&#8221; animation_direction=&#8221;top&#8221; animation_intensity_slide=&#8221;5%&#8221; border_width_all=&#8221;0px&#8221; box_shadow_style=&#8221;preset3&#8243; box_shadow_vertical=&#8221;20px&#8221; box_shadow_blur=&#8221;120px&#8221; box_shadow_spread=&#8221;-16px&#8221; global_colors_info=&#8221;{%22gcid-60fc9d30-8e60-4ae8-a6b9-a08283667fa2%22:%91%22icon_color%22,%22open_icon_color%22%93}&#8221; box_shadow_blur__hover=&#8221;100px&#8221; box_shadow_blur__hover_enabled=&#8221;on&#8221;]<\/p>\n<p><span>Treatment of TMJ syndrome may include diet and lifestyle changes, stretching and strengthening exercises, physical therapy, use of dental splints, pain medications, and in severe cases, surgery.<\/span><\/p>\n<p>[\/et_pb_toggle][et_pb_toggle title=&#8221;\u00bfSe puede prevenir el s\u00edndrome de ATM?&#8221; open_toggle_background_color=&#8221;#ffffff&#8221; closed_toggle_background_color=&#8221;#ffffff&#8221; icon_color=&#8221;gcid-60fc9d30-8e60-4ae8-a6b9-a08283667fa2&#8243; open_icon_color=&#8221;gcid-60fc9d30-8e60-4ae8-a6b9-a08283667fa2&#8243; _builder_version=&#8221;4.20.4&#8243; title_text_color=&#8221;#000000&#8243; title_font=&#8221;Oswald|||on|||||&#8221; title_font_size=&#8221;14px&#8221; title_letter_spacing=&#8221;2px&#8221; title_line_height=&#8221;1.8em&#8221; body_line_height=&#8221;2em&#8221; animation_style=&#8221;slide&#8221; animation_direction=&#8221;top&#8221; animation_intensity_slide=&#8221;5%&#8221; border_width_all=&#8221;0px&#8221; box_shadow_style=&#8221;preset3&#8243; box_shadow_vertical=&#8221;20px&#8221; box_shadow_blur=&#8221;120px&#8221; box_shadow_spread=&#8221;-16px&#8221; global_colors_info=&#8221;{%22gcid-60fc9d30-8e60-4ae8-a6b9-a08283667fa2%22:%91%22icon_color%22,%22open_icon_color%22%93}&#8221; box_shadow_blur__hover=&#8221;100px&#8221; box_shadow_blur__hover_enabled=&#8221;on&#8221;]<\/p>\n<p><span>While it is not always possible to prevent TMJ syndrome, you can take steps to reduce your risk of developing it, such as avoiding teeth grinding, reducing stress, and maintaining good posture.<\/span><\/p>\n<p>[\/et_pb_toggle][et_pb_toggle title=&#8221;\u00bfPuede el s\u00edndrome de ATM curarse completamente?&#8221; open_toggle_background_color=&#8221;#ffffff&#8221; closed_toggle_background_color=&#8221;#ffffff&#8221; icon_color=&#8221;gcid-60fc9d30-8e60-4ae8-a6b9-a08283667fa2&#8243; open_icon_color=&#8221;gcid-60fc9d30-8e60-4ae8-a6b9-a08283667fa2&#8243; _builder_version=&#8221;4.20.4&#8243; title_text_color=&#8221;#000000&#8243; title_font=&#8221;Oswald|||on|||||&#8221; title_font_size=&#8221;14px&#8221; title_letter_spacing=&#8221;2px&#8221; title_line_height=&#8221;1.8em&#8221; body_line_height=&#8221;2em&#8221; animation_style=&#8221;slide&#8221; animation_direction=&#8221;top&#8221; animation_intensity_slide=&#8221;5%&#8221; border_width_all=&#8221;0px&#8221; box_shadow_style=&#8221;preset3&#8243; box_shadow_vertical=&#8221;20px&#8221; box_shadow_blur=&#8221;120px&#8221; box_shadow_spread=&#8221;-16px&#8221; global_colors_info=&#8221;{%22gcid-60fc9d30-8e60-4ae8-a6b9-a08283667fa2%22:%91%22icon_color%22,%22open_icon_color%22%93}&#8221; box_shadow_blur__hover=&#8221;100px&#8221; box_shadow_blur__hover_enabled=&#8221;on&#8221;]<\/p>\n<p><span>In many cases, TMJ syndrome can improve significantly with proper treatment, but in some cases, symptoms may persist chronically. It is important to seek medical attention if you experience symptoms of TMJ syndrome to receive appropriate treatment and minimize the risk of long-term complications.<\/span><\/p>\n<p>[\/et_pb_toggle][\/et_pb_column][\/et_pb_row][et_pb_row _builder_version=&#8221;4.20.4&#8243; _module_preset=&#8221;default&#8221;][et_pb_column _builder_version=&#8221;4.20.4&#8243; _module_preset=&#8221;default&#8221; type=&#8221;4_4&#8243;][et_pb_video src=&#8221;https:\/\/imiquiron.com\/wp-content\/uploads\/2023\/06\/sindrome-atm-primitivo-de-la-quintana_zxuiWKN6.mp4&#8243; _builder_version=&#8221;4.20.4&#8243; _module_preset=&#8221;default&#8221; title_text=&#8221;sindrome-atm-primitivo-de-la-quintana_zxuiWKN6&#8243; hover_enabled=&#8221;0&#8243; sticky_enabled=&#8221;0&#8243;][\/et_pb_video][\/et_pb_column][\/et_pb_row][\/et_pb_section]<\/p>","protected":false},"excerpt":{"rendered":"<p>Preguntas Frecuentes sobre sindrome ATMS\u00edndrome de ATMEl s\u00edndrome de ATM (articulaci\u00f3n temporomandibular) se refiere a un conjunto de trastornos que afectan la articulaci\u00f3n de la mand\u00edbula y los m\u00fasculos que la rodean.Los s\u00edntomas del s\u00edndrome de ATM pueden incluir dolor en la mand\u00edbula, el o\u00eddo o la cabeza, dificultad para abrir o cerrar la boca, [&hellip;]<\/p>","protected":false},"author":1,"featured_media":0,"parent":0,"menu_order":0,"comment_status":"closed","ping_status":"closed","template":"","meta":{"_et_pb_use_builder":"on","_et_pb_old_content":"","_et_gb_content_width":"","footnotes":""},"class_list":["post-26250","page","type-page","status-publish","hentry"],"_links":{"self":[{"href":"https:\/\/imiquiron.com\/en\/wp-json\/wp\/v2\/pages\/26250","targetHints":{"allow":["GET"]}}],"collection":[{"href":"https:\/\/imiquiron.com\/en\/wp-json\/wp\/v2\/pages"}],"about":[{"href":"https:\/\/imiquiron.com\/en\/wp-json\/wp\/v2\/types\/page"}],"author":[{"embeddable":true,"href":"https:\/\/imiquiron.com\/en\/wp-json\/wp\/v2\/users\/1"}],"replies":[{"embeddable":true,"href":"https:\/\/imiquiron.com\/en\/wp-json\/wp\/v2\/comments?post=26250"}],"version-history":[{"count":3,"href":"https:\/\/imiquiron.com\/en\/wp-json\/wp\/v2\/pages\/26250\/revisions"}],"predecessor-version":[{"id":26324,"href":"https:\/\/imiquiron.com\/en\/wp-json\/wp\/v2\/pages\/26250\/revisions\/26324"}],"wp:attachment":[{"href":"https:\/\/imiquiron.com\/en\/wp-json\/wp\/v2\/media?parent=26250"}],"curies":[{"name":"wp","href":"https:\/\/api.w.org\/{rel}","templated":true}]}}