{"id":26246,"date":"2023-05-15T14:53:32","date_gmt":"2023-05-15T14:53:32","guid":{"rendered":"https:\/\/imiquiron.com\/?page_id=26246"},"modified":"2023-05-15T14:53:33","modified_gmt":"2023-05-15T14:53:33","slug":"preguntas-frecuentes-tratamiento-dental","status":"publish","type":"page","link":"https:\/\/imiquiron.com\/en\/preguntas-frecuentes-tratamiento-dental\/","title":{"rendered":"FREQUENTLY ASKED QUESTIONS DENTAL TREATMENT"},"content":{"rendered":"<p>[et_pb_section fb_built=&#8221;1&#8243; custom_padding_last_edited=&#8221;on|phone&#8221; admin_label=&#8221;Header&#8221; _builder_version=&#8221;4.20.4&#8243; _module_preset=&#8221;default&#8221; background_enable_color=&#8221;off&#8221; background_image=&#8221;https:\/\/imiquiron.com\/wp-content\/uploads\/2023\/02\/fondo-trans-web.png&#8221; custom_padding=&#8221;55px||100px||false|false&#8221; custom_padding_tablet=&#8221;60px||60px||true|false&#8221; custom_padding_phone=&#8221;30px||30px||true|false&#8221; top_divider_color=&#8221;#f05168&#8243; top_divider_height=&#8221;94px&#8221; top_divider_flip=&#8221;horizontal|vertical&#8221; bottom_divider_style=&#8221;asymmetric3&#8243; bottom_divider_color=&#8221;#00b2a9&#8243; bottom_divider_height=&#8221;41px&#8221; background_last_edited=&#8221;on|tablet&#8221; use_background_color_gradient_tablet=&#8221;off&#8221; background_color_gradient_stops_tablet=&#8221;rgba(255,255,255,0.8) 0%|rgba(255,255,255,0.4) 100%&#8221; background_color_gradient_stops_phone=&#8221;rgba(255,255,255,0.8) 0%|rgba(255,255,255,0.9) 100%&#8221; background_color_gradient_overlays_image_tablet=&#8221;on&#8221; background_color_gradient_start_tablet=&#8221;rgba(255,255,255,0.8)&#8221; background_color_gradient_start_position_tablet=&#8221;0%&#8221; background_color_gradient_end_tablet=&#8221;rgba(255,255,255,0.4)&#8221; background_color_gradient_end_phone=&#8221;rgba(255,255,255,0.9)&#8221; background_color_gradient_end_position_tablet=&#8221;100%&#8221; locked=&#8221;off&#8221; global_colors_info=&#8221;{}&#8221; theme_builder_area=&#8221;post_content&#8221;][et_pb_row _builder_version=&#8221;4.18.0&#8243; _module_preset=&#8221;default&#8221; custom_padding=&#8221;45px|||||&#8221; global_colors_info=&#8221;{}&#8221; theme_builder_area=&#8221;post_content&#8221;][et_pb_column type=&#8221;4_4&#8243; _builder_version=&#8221;4.18.0&#8243; _module_preset=&#8221;default&#8221; global_colors_info=&#8221;{}&#8221; theme_builder_area=&#8221;post_content&#8221;][et_pb_text _builder_version=&#8221;4.20.4&#8243; _module_preset=&#8221;default&#8221; header_font=&#8221;Lato|700|||||||&#8221; header_text_align=&#8221;center&#8221; header_font_size=&#8221;50px&#8221; header_letter_spacing=&#8221;2px&#8221; width=&#8221;100%&#8221; width_tablet=&#8221;100%&#8221; width_phone=&#8221;100%&#8221; width_last_edited=&#8221;on|phone&#8221; max_width=&#8221;100%&#8221; max_width_tablet=&#8221;100%&#8221; max_width_phone=&#8221;100%&#8221; max_width_last_edited=&#8221;on|phone&#8221; module_alignment=&#8221;center&#8221; max_height_tablet=&#8221;&#8221; max_height_phone=&#8221;&#8221; max_height_last_edited=&#8221;on|desktop&#8221; hover_enabled=&#8221;0&#8243; text_font_tablet=&#8221;&#8221; text_font_phone=&#8221;&#8221; text_font_last_edited=&#8221;on|desktop&#8221; header_font_size_tablet=&#8221;50px&#8221; header_font_size_phone=&#8221;30px&#8221; header_font_size_last_edited=&#8221;on|desktop&#8221; global_colors_info=&#8221;{}&#8221; max_height__hover_enabled=&#8221;on|desktop&#8221; theme_builder_area=&#8221;post_content&#8221; sticky_enabled=&#8221;0&#8243;]<\/p>\n<h1 class=\" translation-block\">Frequently Asked Questions about<\/h1>\n<h1><span>dental treatment<\/span><\/h1>\n<p>[\/et_pb_text][\/et_pb_column][\/et_pb_row][\/et_pb_section][et_pb_section fb_built=&#8221;1&#8243; _builder_version=&#8221;4.20.4&#8243; _module_preset=&#8221;default&#8221; background_color=&#8221;#ededed&#8221; background_size=&#8221;contain&#8221; hover_enabled=&#8221;0&#8243; global_colors_info=&#8221;{}&#8221; theme_builder_area=&#8221;post_content&#8221; background_enable_image=&#8221;off&#8221; sticky_enabled=&#8221;0&#8243;][et_pb_row module_id=&#8221;tratamiento_dental_faq&#8221; _builder_version=&#8221;4.20.4&#8243; _module_preset=&#8221;default&#8221; global_colors_info=&#8221;{}&#8221; theme_builder_area=&#8221;post_content&#8221;][et_pb_column type=&#8221;4_4&#8243; _builder_version=&#8221;4.20.4&#8243; _module_preset=&#8221;default&#8221; global_colors_info=&#8221;{}&#8221; theme_builder_area=&#8221;post_content&#8221;][et_pb_text _builder_version=&#8221;4.20.4&#8243; _module_preset=&#8221;default&#8221; global_colors_info=&#8221;{}&#8221; theme_builder_area=&#8221;post_content&#8221;]<\/p>\n<h2><span>Questions about dental treatment<\/span><\/h2>\n<p>[\/et_pb_text][\/et_pb_column][\/et_pb_row][et_pb_row _builder_version=&#8221;4.20.4&#8243; custom_width_px__hover=&#8221;1080px&#8221; custom_width_px__hover_enabled=&#8221;1080px&#8221; custom_width_percent__hover=&#8221;80%&#8221; custom_width_percent__hover_enabled=&#8221;80%&#8221; locked=&#8221;off&#8221; global_colors_info=&#8221;{}&#8221; gutter_width__hover=&#8221;3&#8243; gutter_width__hover_enabled=&#8221;3&#8243; parallax_1__hover=&#8221;off&#8221; parallax_1__hover_enabled=&#8221;off&#8221; parallax_2__hover=&#8221;off&#8221; parallax_2__hover_enabled=&#8221;off&#8221; parallax_3__hover=&#8221;off&#8221; parallax_3__hover_enabled=&#8221;off&#8221; parallax_4__hover=&#8221;off&#8221; parallax_4__hover_enabled=&#8221;off&#8221; parallax_5__hover=&#8221;off&#8221; parallax_5__hover_enabled=&#8221;off&#8221; parallax_6__hover=&#8221;off&#8221; parallax_6__hover_enabled=&#8221;off&#8221; parallax_method_1__hover=&#8221;on&#8221; parallax_method_1__hover_enabled=&#8221;on&#8221; parallax_method_2__hover=&#8221;on&#8221; parallax_method_2__hover_enabled=&#8221;on&#8221; parallax_method_3__hover=&#8221;on&#8221; parallax_method_3__hover_enabled=&#8221;on&#8221; parallax_method_4__hover=&#8221;on&#8221; parallax_method_4__hover_enabled=&#8221;on&#8221; parallax_method_5__hover=&#8221;on&#8221; parallax_method_5__hover_enabled=&#8221;on&#8221; parallax_method_6__hover=&#8221;on&#8221; parallax_method_6__hover_enabled=&#8221;on&#8221; use_background_color_gradient__hover=&#8221;off&#8221; use_background_color_gradient__hover_enabled=&#8221;off&#8221; background_color_gradient_start__hover=&#8221;#2b87da&#8221; background_color_gradient_start__hover_enabled=&#8221;#2b87da&#8221; background_color_gradient_end__hover=&#8221;#29c4a9&#8243; background_color_gradient_end__hover_enabled=&#8221;#29c4a9&#8243; background_color_gradient_type__hover=&#8221;linear&#8221; background_color_gradient_type__hover_enabled=&#8221;linear&#8221; background_color_gradient_direction__hover=&#8221;180deg&#8221; background_color_gradient_direction__hover_enabled=&#8221;180deg&#8221; background_color_gradient_direction_radial__hover=&#8221;center&#8221; background_color_gradient_direction_radial__hover_enabled=&#8221;center&#8221; background_color_gradient_start_position__hover=&#8221;0%&#8221; background_color_gradient_start_position__hover_enabled=&#8221;0%&#8221; background_color_gradient_end_position__hover=&#8221;100%&#8221; background_color_gradient_end_position__hover_enabled=&#8221;100%&#8221; background_color_gradient_overlays_image__hover=&#8221;off&#8221; background_color_gradient_overlays_image__hover_enabled=&#8221;off&#8221; parallax__hover=&#8221;off&#8221; parallax__hover_enabled=&#8221;off&#8221; parallax_method__hover=&#8221;on&#8221; parallax_method__hover_enabled=&#8221;on&#8221; background_size__hover=&#8221;cover&#8221; background_size__hover_enabled=&#8221;cover&#8221; background_position__hover=&#8221;center&#8221; background_position__hover_enabled=&#8221;center&#8221; background_repeat__hover=&#8221;no-repeat&#8221; background_repeat__hover_enabled=&#8221;no-repeat&#8221; background_blend__hover=&#8221;normal&#8221; background_blend__hover_enabled=&#8221;normal&#8221; allow_player_pause__hover=&#8221;off&#8221; allow_player_pause__hover_enabled=&#8221;off&#8221; background_video_pause_outside_viewport__hover=&#8221;on&#8221; background_video_pause_outside_viewport__hover_enabled=&#8221;on&#8221; make_fullwidth__hover=&#8221;off&#8221; make_fullwidth__hover_enabled=&#8221;off&#8221; use_custom_width__hover=&#8221;off&#8221; use_custom_width__hover_enabled=&#8221;off&#8221; width_unit__hover=&#8221;on&#8221; width_unit__hover_enabled=&#8221;on&#8221; use_custom_gutter__hover=&#8221;off&#8221; use_custom_gutter__hover_enabled=&#8221;off&#8221; make_equal__hover=&#8221;off&#8221; make_equal__hover_enabled=&#8221;off&#8221; border_radii__hover=&#8221;on||||&#8221; border_radii__hover_enabled=&#8221;on||||&#8221; box_shadow_style__hover=&#8221;none&#8221; box_shadow_style__hover_enabled=&#8221;none&#8221; box_shadow_color__hover=&#8221;rgba(0,0,0,0.3)&#8221; box_shadow_color__hover_enabled=&#8221;rgba(0,0,0,0.3)&#8221; filter_hue_rotate__hover=&#8221;0deg&#8221; filter_hue_rotate__hover_enabled=&#8221;0deg&#8221; filter_saturate__hover=&#8221;100%&#8221; filter_saturate__hover_enabled=&#8221;100%&#8221; filter_brightness__hover=&#8221;100%&#8221; filter_brightness__hover_enabled=&#8221;100%&#8221; filter_contrast__hover=&#8221;100%&#8221; filter_contrast__hover_enabled=&#8221;100%&#8221; filter_invert__hover=&#8221;0%&#8221; filter_invert__hover_enabled=&#8221;0%&#8221; filter_sepia__hover=&#8221;0%&#8221; filter_sepia__hover_enabled=&#8221;0%&#8221; filter_opacity__hover=&#8221;100%&#8221; filter_opacity__hover_enabled=&#8221;100%&#8221; filter_blur__hover=&#8221;0px&#8221; filter_blur__hover_enabled=&#8221;0px&#8221; mix_blend_mode__hover=&#8221;normal&#8221; mix_blend_mode__hover_enabled=&#8221;normal&#8221; animation_style__hover=&#8221;none&#8221; animation_style__hover_enabled=&#8221;none&#8221; animation_repeat__hover=&#8221;once&#8221; animation_repeat__hover_enabled=&#8221;once&#8221; animation_direction__hover=&#8221;center&#8221; animation_direction__hover_enabled=&#8221;center&#8221; animation_duration__hover=&#8221;1000ms&#8221; animation_duration__hover_enabled=&#8221;1000ms&#8221; animation_delay__hover=&#8221;0ms&#8221; animation_delay__hover_enabled=&#8221;0ms&#8221; animation_intensity_slide__hover=&#8221;50%&#8221; animation_intensity_slide__hover_enabled=&#8221;50%&#8221; animation_intensity_zoom__hover=&#8221;50%&#8221; animation_intensity_zoom__hover_enabled=&#8221;50%&#8221; animation_intensity_flip__hover=&#8221;50%&#8221; animation_intensity_flip__hover_enabled=&#8221;50%&#8221; animation_intensity_fold__hover=&#8221;50%&#8221; animation_intensity_fold__hover_enabled=&#8221;50%&#8221; animation_intensity_roll__hover=&#8221;50%&#8221; animation_intensity_roll__hover_enabled=&#8221;50%&#8221; animation_starting_opacity__hover=&#8221;0%&#8221; animation_starting_opacity__hover_enabled=&#8221;0%&#8221; animation_speed_curve__hover=&#8221;ease-in-out&#8221; animation_speed_curve__hover_enabled=&#8221;ease-in-out&#8221; hover_transition_duration__hover=&#8221;300ms&#8221; hover_transition_duration__hover_enabled=&#8221;300ms&#8221; hover_transition_delay__hover=&#8221;0ms&#8221; hover_transition_delay__hover_enabled=&#8221;0ms&#8221; hover_transition_speed_curve__hover=&#8221;ease&#8221; hover_transition_speed_curve__hover_enabled=&#8221;ease&#8221; background_color_gradient_stops__hover=&#8221;#2b87da 0%|#29c4a9 100%&#8221; theme_builder_area=&#8221;post_content&#8221;][et_pb_column type=&#8221;4_4&#8243; _builder_version=&#8221;4.16&#8243; custom_padding=&#8221;|||&#8221; global_colors_info=&#8221;{}&#8221; custom_padding__hover=&#8221;|||&#8221; theme_builder_area=&#8221;post_content&#8221;][et_pb_toggle title=&#8221;\u00bfCu\u00e1ndo puedo volver a comer o beber despu\u00e9s del tratamiento dental?&#8221; open_toggle_background_color=&#8221;#ffffff&#8221; closed_toggle_background_color=&#8221;#ffffff&#8221; icon_color=&#8221;gcid-60fc9d30-8e60-4ae8-a6b9-a08283667fa2&#8243; open_icon_color=&#8221;gcid-60fc9d30-8e60-4ae8-a6b9-a08283667fa2&#8243; _builder_version=&#8221;4.20.4&#8243; title_text_color=&#8221;#000000&#8243; title_font=&#8221;Oswald|||on|||||&#8221; title_font_size=&#8221;14px&#8221; title_letter_spacing=&#8221;2px&#8221; title_line_height=&#8221;1.8em&#8221; body_line_height=&#8221;2em&#8221; animation_style=&#8221;slide&#8221; animation_direction=&#8221;top&#8221; animation_intensity_slide=&#8221;5%&#8221; border_width_all=&#8221;0px&#8221; box_shadow_style=&#8221;preset3&#8243; box_shadow_vertical=&#8221;20px&#8221; box_shadow_blur=&#8221;120px&#8221; box_shadow_spread=&#8221;-16px&#8221; global_colors_info=&#8221;{%22gcid-60fc9d30-8e60-4ae8-a6b9-a08283667fa2%22:%91%22icon_color%22,%22open_icon_color%22%93}&#8221; box_shadow_blur__hover=&#8221;100px&#8221; box_shadow_blur__hover_enabled=&#8221;on&#8221; theme_builder_area=&#8221;post_content&#8221;]<\/p>\n<p>How long you should wait before eating or drinking after dental treatment depends on the type of procedure that was performed. If you had a routine dental cleaning, there are generally no restrictions when it comes to eating or drinking after the procedure.<\/p>\n<p>However, if you have had a more invasive dental procedure, such as a tooth extraction or root canal, you may need to wait before eating or drinking. In general, it is recommended to wait at least an hour after a dental procedure before eating or drinking anything. Additionally, you may need to avoid hot or cold foods or drinks for the first 24 hours after the procedure, as they may increase sensitivity or cause discomfort.<\/p>\n<p>If your dentist has given you specific instructions about what to avoid eating or drinking after the procedure, it is important to follow these instructions carefully to help prevent complications and promote proper healing.<\/p>\n<p>[\/et_pb_toggle][et_pb_toggle title=&#8221;\u00bfC\u00f3mo puedo manejar el dolor o la incomodidad despu\u00e9s del tratamiento?&#8221; open_toggle_background_color=&#8221;#ffffff&#8221; closed_toggle_background_color=&#8221;#ffffff&#8221; icon_color=&#8221;gcid-60fc9d30-8e60-4ae8-a6b9-a08283667fa2&#8243; open_icon_color=&#8221;gcid-60fc9d30-8e60-4ae8-a6b9-a08283667fa2&#8243; _builder_version=&#8221;4.20.4&#8243; title_text_color=&#8221;#000000&#8243; title_font=&#8221;Oswald|||on|||||&#8221; title_font_size=&#8221;14px&#8221; title_letter_spacing=&#8221;2px&#8221; title_line_height=&#8221;1.8em&#8221; body_line_height=&#8221;2em&#8221; animation_style=&#8221;slide&#8221; animation_direction=&#8221;top&#8221; animation_intensity_slide=&#8221;5%&#8221; border_width_all=&#8221;0px&#8221; box_shadow_style=&#8221;preset3&#8243; box_shadow_vertical=&#8221;20px&#8221; box_shadow_blur=&#8221;120px&#8221; box_shadow_spread=&#8221;-16px&#8221; global_colors_info=&#8221;{%22gcid-60fc9d30-8e60-4ae8-a6b9-a08283667fa2%22:%91%22icon_color%22,%22open_icon_color%22%93}&#8221; box_shadow_blur__hover=&#8221;100px&#8221; box_shadow_blur__hover_enabled=&#8221;on&#8221; theme_builder_area=&#8221;post_content&#8221;]<\/p>\n<p>Pain or discomfort after dental treatment can be common, especially after a more invasive procedure. Fortunately, there are several ways to manage pain and discomfort so you can feel more comfortable during recovery. Here are some suggestions:<\/p>\n<ul>\n<li>Take pain relievers: If your mouth hurts after dental treatment, your dentist may prescribe a pain reliever to help relieve the pain. Be sure to follow the medication's instructions and do not exceed the recommended dosage.<\/li>\n<li>Apply ice: If you experience swelling after dental treatment, applying ice to the affected area can help reduce inflammation and relieve pain. Use an ice pack wrapped in a towel and apply it for 10-20 minutes at a time, several times a day.<\/li>\n<li>Rest: You may need to rest and avoid strenuous activities for the first 24-48 hours after dental treatment. Taking some time to rest can help your body recover more quickly.<\/li>\n<li>Avoid hard or sticky foods: Eating hard or sticky foods can be painful after dental treatment. Instead, opt for soft, easy-to-chew foods, such as mashed potatoes, soup, and yogurt.<\/li>\n<li>Use mouthwash: Your dentist may recommend a mouthwash to help reduce inflammation and prevent infection. Be sure to follow your dentist's instructions and do not rinse vigorously.<\/li>\n<\/ul>\n<p>If you experience pain or discomfort after dental treatment and these measures do not help, be sure to contact your dentist for further guidance and treatment.<\/p>\n<p>[\/et_pb_toggle][\/et_pb_column][\/et_pb_row][\/et_pb_section]<\/p>","protected":false},"excerpt":{"rendered":"<p>Preguntas Frecuentes sobre tratamiento dentalPreguntas sobre tratamiento dentalEl tiempo que debe esperar antes de comer o beber despu\u00e9s de un tratamiento dental depende del tipo de procedimiento que se realiz\u00f3. Si se someti\u00f3 a una limpieza dental de rutina, generalmente no hay restricciones en lo que respecta a comer o beber despu\u00e9s del procedimiento. Sin [&hellip;]<\/p>","protected":false},"author":1,"featured_media":0,"parent":0,"menu_order":0,"comment_status":"closed","ping_status":"closed","template":"","meta":{"_et_pb_use_builder":"on","_et_pb_old_content":"","_et_gb_content_width":"","footnotes":""},"class_list":["post-26246","page","type-page","status-publish","hentry"],"_links":{"self":[{"href":"https:\/\/imiquiron.com\/en\/wp-json\/wp\/v2\/pages\/26246","targetHints":{"allow":["GET"]}}],"collection":[{"href":"https:\/\/imiquiron.com\/en\/wp-json\/wp\/v2\/pages"}],"about":[{"href":"https:\/\/imiquiron.com\/en\/wp-json\/wp\/v2\/types\/page"}],"author":[{"embeddable":true,"href":"https:\/\/imiquiron.com\/en\/wp-json\/wp\/v2\/users\/1"}],"replies":[{"embeddable":true,"href":"https:\/\/imiquiron.com\/en\/wp-json\/wp\/v2\/comments?post=26246"}],"version-history":[{"count":2,"href":"https:\/\/imiquiron.com\/en\/wp-json\/wp\/v2\/pages\/26246\/revisions"}],"predecessor-version":[{"id":26249,"href":"https:\/\/imiquiron.com\/en\/wp-json\/wp\/v2\/pages\/26246\/revisions\/26249"}],"wp:attachment":[{"href":"https:\/\/imiquiron.com\/en\/wp-json\/wp\/v2\/media?parent=26246"}],"curies":[{"name":"wp","href":"https:\/\/api.w.org\/{rel}","templated":true}]}}