{"id":2,"date":"2022-10-11T10:19:54","date_gmt":"2022-10-11T10:19:54","guid":{"rendered":"https:\/\/imiquiron.com\/?page_id=2"},"modified":"2023-06-21T16:48:27","modified_gmt":"2023-06-21T16:48:27","slug":"sample-page","status":"publish","type":"page","link":"https:\/\/imiquiron.com\/en\/","title":{"rendered":"HOME"},"content":{"rendered":"<p>[et_pb_section fb_built=&#8221;1&#8243; fullwidth=&#8221;on&#8221; _builder_version=&#8221;4.20.4&#8243; _module_preset=&#8221;default&#8221; global_colors_info=&#8221;{}&#8221;][et_pb_nextend_smart_slider_3_fullwidth slider=&#8221;4&#8243; _builder_version=&#8221;4.20.4&#8243; _module_preset=&#8221;default&#8221; global_colors_info=&#8221;{}&#8221;][\/et_pb_nextend_smart_slider_3_fullwidth][\/et_pb_section][et_pb_section fb_built=&#8221;1&#8243; _builder_version=&#8221;4.20.4&#8243; _module_preset=&#8221;default&#8221; background_color=&#8221;#ededed&#8221; background_image=&#8221;https:\/\/imiquiron.com\/wp-content\/uploads\/2023\/02\/fondo-trans-web.png&#8221; custom_margin=&#8221;-1px|||||&#8221; bottom_divider_style=&#8221;slant2&#8243; bottom_divider_color=&#8221;gcid-60fc9d30-8e60-4ae8-a6b9-a08283667fa2&#8243; bottom_divider_arrangement=&#8221;above_content&#8221; global_colors_info=&#8221;{%22gcid-60fc9d30-8e60-4ae8-a6b9-a08283667fa2%22:%91%22bottom_divider_color%22,%22background_color_gradient_stops%22%93}&#8221;][et_pb_row column_structure=&#8221;1_2,1_2&#8243; _builder_version=&#8221;4.18.0&#8243; _module_preset=&#8221;default&#8221; global_colors_info=&#8221;{}&#8221;][et_pb_column type=&#8221;1_2&#8243; _builder_version=&#8221;4.18.0&#8243; _module_preset=&#8221;default&#8221; global_colors_info=&#8221;{}&#8221;][et_pb_image src=&#8221;https:\/\/imiquiron.com\/wp-content\/uploads\/2022\/10\/I-64-\u00d7-64-px-3.png&#8221; title_text=&#8221;I (64 \u00d7 64 px) (3)&#8221; _builder_version=&#8221;4.18.0&#8243; always_center_on_mobile=&#8221;off&#8221; global_colors_info=&#8221;{}&#8221;][\/et_pb_image][et_pb_text _builder_version=&#8221;4.18.0&#8243; text_font=&#8221;Montserrat|300|||||||&#8221; text_font_size=&#8221;16px&#8221; text_line_height=&#8221;1.8em&#8221; header_font=&#8221;||||||||&#8221; header_2_font=&#8221;Montserrat|300|||||||&#8221; header_2_font_size=&#8221;40px&#8221; header_2_line_height=&#8221;1.5em&#8221; max_width=&#8221;600px&#8221; custom_margin=&#8221;|||&#8221; custom_margin_tablet=&#8221;0px|50px||50px&#8221; custom_margin_last_edited=&#8221;off|desktop&#8221; custom_padding=&#8221;|||&#8221; header_2_font_size_tablet=&#8221;&#8221; header_2_font_size_phone=&#8221;30px&#8221; header_2_font_size_last_edited=&#8221;on|phone&#8221; global_colors_info=&#8221;{}&#8221;]<\/p>\n<h2><strong><em>Dr. Primitivo de la\u00a0 Quintana\u00a0<\/em><\/strong><\/h2>\n<p><strong><em><span>Head of the Comprehensive Dental and Maxillofacial Surgery service, Hospital Quiron M\u00e1laga, Marbella and Campo de Gibraltar.<\/span><br \/><\/em><\/strong><\/p>\n<p>[\/et_pb_text][et_pb_text _builder_version=&#8221;4.18.0&#8243; text_font=&#8221;Montserrat|300|||||||&#8221; text_font_size=&#8221;16px&#8221; text_line_height=&#8221;2em&#8221; link_font=&#8221;||||||||&#8221; ul_font=&#8221;||||||||&#8221; ol_font=&#8221;||||||||&#8221; quote_font=&#8221;||||||||&#8221; header_font=&#8221;||||||||&#8221; header_2_font=&#8221;Montserrat|300|||||||&#8221; header_2_text_color=&#8221;#212d3b&#8221; header_2_font_size=&#8221;40px&#8221; header_2_line_height=&#8221;1.5em&#8221; max_width=&#8221;600px&#8221; custom_margin=&#8221;|||&#8221; custom_margin_tablet=&#8221;0px|50px||50px&#8221; custom_margin_last_edited=&#8221;off|desktop&#8221; custom_padding=&#8221;|0px||||&#8221; global_colors_info=&#8221;{}&#8221;]<\/p>\n<p style=\"text-align: justify;\">The interconnection between the specialties of oral and maxillofacial surgery, dentistry and orthodontics within hospitals is seen as a great advance and a necessity by experts, as it is the way to provide complete assistance to patients without leaving the same center.<strong><span>\u00a0<\/span>This is the case of the Comprehensive Dental and Maxillofacial Service present at Hospital Quir\u00f3n M\u00e1laga, M\u00e1laga Medical Center. Hospital Quir\u00f3n Marbella, Quir\u00f3n Fuengirola Medical Center. Quir\u00f3n Campo de Gibraltar Hospital and its Algeciras Medical Center:<\/strong><span>\u00a0<\/span>The same care with all the diagnostic and therapeutic options for the entire Andalusian coast. It is the first service of its kind in Andalusia, positioning itself as the most complete for the diversity of pathologies it treats and the treatments it offers, as well as for the large number of specialists present in the four cities. It is the private service in Spain that covers the largest area and population.<\/p>\n<p>[\/et_pb_text][\/et_pb_column][et_pb_column type=&#8221;1_2&#8243; _builder_version=&#8221;4.18.0&#8243; _module_preset=&#8221;default&#8221; global_colors_info=&#8221;{}&#8221;][et_pb_image src=&#8221;https:\/\/imiquiron.com\/wp-content\/uploads\/2022\/11\/PRIMI-SOLO.jpeg&#8221; title_text=&#8221;PRIMI-SOLO&#8221; align=&#8221;center&#8221; align_tablet=&#8221;center&#8221; align_phone=&#8221;center&#8221; align_last_edited=&#8221;on|desktop&#8221; _builder_version=&#8221;4.18.0&#8243; module_alignment=&#8221;center&#8221; min_height=&#8221;436px&#8221; height=&#8221;922px&#8221; max_height=&#8221;591px&#8221; custom_margin=&#8221;92px|||||&#8221; custom_padding=&#8221;|0px||||&#8221; animation_style=&#8221;slide&#8221; animation_direction=&#8221;right&#8221; animation_intensity_slide=&#8221;5%&#8221; border_radii=&#8221;|30px|||15vw&#8221; border_color_all=&#8221;gcid-60fc9d30-8e60-4ae8-a6b9-a08283667fa2&#8243; border_width_left=&#8221;2vw&#8221; box_shadow_style=&#8221;preset3&#8243; box_shadow_vertical=&#8221;30px&#8221; box_shadow_blur=&#8221;80px&#8221; box_shadow_spread=&#8221;-30px&#8221; box_shadow_color=&#8221;rgba(102,141,186,0.7)&#8221; global_colors_info=&#8221;{%22gcid-60fc9d30-8e60-4ae8-a6b9-a08283667fa2%22:%91%22border_color_all%22%93}&#8221;][\/et_pb_image][\/et_pb_column][\/et_pb_row][\/et_pb_section][et_pb_section fb_built=&#8221;1&#8243; _builder_version=&#8221;4.20.4&#8243; _module_preset=&#8221;default&#8221; background_color=&#8221;#ededed&#8221; custom_margin=&#8221;-1px|||||&#8221; bottom_divider_style=&#8221;ramp2&#8243; bottom_divider_color=&#8221;#00b2a9&#8243; bottom_divider_repeat=&#8221;1x&#8221; bottom_divider_flip=&#8221;horizontal&#8221; global_colors_info=&#8221;{%22gcid-60fc9d30-8e60-4ae8-a6b9-a08283667fa2%22:%91%22bottom_divider_color%22%93}&#8221;][et_pb_row _builder_version=&#8221;4.18.0&#8243; _module_preset=&#8221;default&#8221; global_colors_info=&#8221;{}&#8221;][et_pb_column type=&#8221;4_4&#8243; _builder_version=&#8221;4.18.0&#8243; _module_preset=&#8221;default&#8221; global_colors_info=&#8221;{}&#8221;][et_pb_text _builder_version=&#8221;4.18.0&#8243; _module_preset=&#8221;default&#8221; text_font=&#8221;Lato||||||||&#8221; header_font=&#8221;Lato|900|||||||&#8221; header_2_font=&#8221;Lato|700|||||||&#8221; header_2_font_size=&#8221;39px&#8221; global_colors_info=&#8221;{}&#8221;]<\/p>\n<h2 class=\"js-el heading-tag la-unit-responsive\" style=\"text-align: center;\">Annual statistics<\/h2>\n<div class=\"la-separator  margin-top-30 margin-bottom-30\"><span class=\"la-line js-el la-unit-responsive\" data-la_component=\"UnitResponsive\" data-el_target=\"#la_heading_63519bdf3cc35 .la-line\" data-el_media_sizes=\"{&quot;width&quot;:&quot;lg:95px;&quot;}\"><\/span><\/div>\n<div class=\"js-el subheading-tag la-unit-responsive\">\n<p style=\"text-align: center;\">Key figures that summarize our work.<\/p>\n<\/div>\n<p>[\/et_pb_text][\/et_pb_column][\/et_pb_row][et_pb_row column_structure=&#8221;1_4,1_4,1_4,1_4&#8243; _builder_version=&#8221;4.20.4&#8243; _module_preset=&#8221;default&#8221; width=&#8221;45%&#8221; global_colors_info=&#8221;{}&#8221;][et_pb_column type=&#8221;1_4&#8243; _builder_version=&#8221;4.18.0&#8243; _module_preset=&#8221;default&#8221; global_colors_info=&#8221;{}&#8221;][et_pb_circle_counter title=&#8221;Pacientes atendidos&#8221; number=&#8221;11200&#8243; percent_sign=&#8221;off&#8221; bar_bg_color=&#8221;#f05169&#8243; _builder_version=&#8221;4.20.4&#8243; _module_preset=&#8221;default&#8221; number_text_color=&#8221;#0a0a0a&#8221; global_colors_info=&#8221;{}&#8221;][\/et_pb_circle_counter][\/et_pb_column][et_pb_column type=&#8221;1_4&#8243; _builder_version=&#8221;4.18.0&#8243; _module_preset=&#8221;default&#8221; global_colors_info=&#8221;{}&#8221;][et_pb_circle_counter title=&#8221;Tratamientos anuales&#8221; number=&#8221;900&#8243; percent_sign=&#8221;off&#8221; bar_bg_color=&#8221;#f05169&#8243; _builder_version=&#8221;4.20.4&#8243; _module_preset=&#8221;default&#8221; number_text_color=&#8221;#000000&#8243; global_colors_info=&#8221;{}&#8221;][\/et_pb_circle_counter][\/et_pb_column][et_pb_column type=&#8221;1_4&#8243; _builder_version=&#8221;4.18.0&#8243; _module_preset=&#8221;default&#8221; global_colors_info=&#8221;{}&#8221;][et_pb_circle_counter title=&#8221;Pacientes infantiles&#8221; number=&#8221;1200&#8243; percent_sign=&#8221;off&#8221; bar_bg_color=&#8221;#f05169&#8243; _builder_version=&#8221;4.20.4&#8243; _module_preset=&#8221;default&#8221; number_text_color=&#8221;#000000&#8243; global_colors_info=&#8221;{}&#8221;][\/et_pb_circle_counter][\/et_pb_column][et_pb_column type=&#8221;1_4&#8243; _builder_version=&#8221;4.18.0&#8243; _module_preset=&#8221;default&#8221; global_colors_info=&#8221;{}&#8221;][et_pb_circle_counter title=&#8221;Tratamientos infantiles &#8221; number=&#8221;600&#8243; percent_sign=&#8221;off&#8221; bar_bg_color=&#8221;#f05169&#8243; _builder_version=&#8221;4.20.4&#8243; _module_preset=&#8221;default&#8221; number_text_color=&#8221;#000000&#8243; global_colors_info=&#8221;{}&#8221;][\/et_pb_circle_counter][\/et_pb_column][\/et_pb_row][\/et_pb_section]<\/p>","protected":false},"excerpt":{"rendered":"<p>Dr. Primitivo de la\u00a0 Quintana\u00a0 Jefe del servicio Integral Dental y Ciriguia Maxilofacial, Hospital Quiron M\u00e1laga, Marbella y Campo de Gibraltar.La interconexi\u00f3n entre las especialidades de cirug\u00eda oral y maxilofacial, odontolog\u00eda y ortodoncia dentro de los hospitales es vista como un gran avance y una necesidad por los expertos, pues es la manera de brindar [&hellip;]<\/p>","protected":false},"author":1,"featured_media":0,"parent":0,"menu_order":0,"comment_status":"closed","ping_status":"open","template":"","meta":{"_et_pb_use_builder":"on","_et_pb_old_content":"<!-- wp:paragraph -->\n<p>This is an example page. It's different from a blog post because it will stay in one place and will show up in your site navigation (in most themes). Most people start with an About page that introduces them to potential site visitors. It might say something like this:<\/p>\n<!-- \/wp:paragraph -->\n\n<!-- wp:quote -->\n<blockquote class=\"wp-block-quote\"><p>Hi there! I'm a bike messenger by day, aspiring actor by night, and this is my website. I live in Los Angeles, have a great dog named Jack, and I like pi&#241;a coladas. (And gettin' caught in the rain.)<\/p><\/blockquote>\n<!-- \/wp:quote -->\n\n<!-- wp:paragraph -->\n<p>...or something like this:<\/p>\n<!-- \/wp:paragraph -->\n\n<!-- wp:quote -->\n<blockquote class=\"wp-block-quote\"><p>The XYZ Doohickey Company was founded in 1971, and has been providing quality doohickeys to the public ever since. Located in Gotham City, XYZ employs over 2,000 people and does all kinds of awesome things for the Gotham community.<\/p><\/blockquote>\n<!-- \/wp:quote -->\n\n<!-- wp:paragraph -->\n<p>As a new WordPress user, you should go to <a href=\"https:\/\/imiquiron.com\/wp-admin\/\">your dashboard<\/a> to delete this page and create new pages for your content. Have fun!<\/p>\n<!-- \/wp:paragraph -->","_et_gb_content_width":"","footnotes":""},"class_list":["post-2","page","type-page","status-publish","hentry"],"_links":{"self":[{"href":"https:\/\/imiquiron.com\/en\/wp-json\/wp\/v2\/pages\/2","targetHints":{"allow":["GET"]}}],"collection":[{"href":"https:\/\/imiquiron.com\/en\/wp-json\/wp\/v2\/pages"}],"about":[{"href":"https:\/\/imiquiron.com\/en\/wp-json\/wp\/v2\/types\/page"}],"author":[{"embeddable":true,"href":"https:\/\/imiquiron.com\/en\/wp-json\/wp\/v2\/users\/1"}],"replies":[{"embeddable":true,"href":"https:\/\/imiquiron.com\/en\/wp-json\/wp\/v2\/comments?post=2"}],"version-history":[{"count":91,"href":"https:\/\/imiquiron.com\/en\/wp-json\/wp\/v2\/pages\/2\/revisions"}],"predecessor-version":[{"id":26327,"href":"https:\/\/imiquiron.com\/en\/wp-json\/wp\/v2\/pages\/2\/revisions\/26327"}],"wp:attachment":[{"href":"https:\/\/imiquiron.com\/en\/wp-json\/wp\/v2\/media?parent=2"}],"curies":[{"name":"wp","href":"https:\/\/api.w.org\/{rel}","templated":true}]}}